{"id":33,"date":"2025-08-29T20:26:29","date_gmt":"2025-08-29T17:26:29","guid":{"rendered":"http:\/\/ozgunmatbaa.com\/?page_id=33"},"modified":"2025-09-02T23:02:38","modified_gmt":"2025-09-02T20:02:38","slug":"hakkimizda","status":"publish","type":"page","link":"http:\/\/ozgunmatbaa.com\/index.php\/hakkimizda\/","title":{"rendered":"Hakk\u0131m\u0131zda"},"content":{"rendered":"<h1>\u00d6zg\u00fcn Matbaa <br class=\"uk-visible@s\">Nas\u0131l Kuruldu?<\/h1>\n<p><img decoding=\"async\" src=\"\/wp-content\/uploads\/about-right.svg\" alt=\"\"><\/p>\n<h2>\u00d6zg\u00fcn Matbaa 1987 y\u0131l\u0131nda kuruldu.<\/h2>\n<div>Matbaa sekt\u00f6r\u00fcnde y\u0131llar\u0131n getirdi\u011fi deneyim ve uzmanl\u0131kla, m\u00fc\u015fterilerimize en kaliteli ve g\u00fcvenilir bask\u0131 hizmetlerini sunmay\u0131 ama\u00e7l\u0131yoruz. Kartvizit, bro\u015f\u00fcr, katalog, afi\u015f, etiket, ambalaj ve daha pek \u00e7ok \u00fcr\u00fcn \u00e7e\u015fidinde geni\u015f bir yelpazede hizmet veriyoruz. Modern bask\u0131 teknolojileri ve profesyonel ekipmanlar\u0131m\u0131z sayesinde, her i\u015fte y\u00fcksek kalite standartlar\u0131n\u0131 koruyarak, beklentilerin \u00fczerinde sonu\u00e7lar elde ediyoruz. M\u00fc\u015fteri memnuniyetini her zaman \u00f6n planda tutuyor, i\u015flerinizi zaman\u0131nda ve titizlikle teslim etmeye b\u00fcy\u00fck \u00f6nem veriyoruz. Tasar\u0131mdan bask\u0131ya, paketlemeden teslimata kadar t\u00fcm s\u00fcre\u00e7lerde profesyonel destek sa\u011fl\u0131yor, ihtiya\u00e7lar\u0131n\u0131za \u00f6zel \u00e7\u00f6z\u00fcmler sunuyoruz.<\/p>\n<p>Gelece\u011fe y\u00f6nelik vizyonumuzda ise yenilik\u00e7i ve s\u00fcrd\u00fcr\u00fclebilir bask\u0131 teknolojilerini kullanarak sekt\u00f6rde \u00f6nc\u00fc olmay\u0131 hedefliyoruz. S\u00fcrekli geli\u015fen teknolojiye ayak uydurarak, hem \u00e7evre dostu hem de ekonomik \u00e7\u00f6z\u00fcmlerle m\u00fc\u015fterilerimizin yan\u0131nda olmaya devam edece\u011fiz. Deneyimli ve dinamik ekibimizle, her projeye yarat\u0131c\u0131 yakla\u015f\u0131m getirmek, markan\u0131z\u0131n en iyi \u015fekilde temsil edilmesini sa\u011flamak i\u00e7in \u00e7al\u0131\u015f\u0131yoruz. Matbaan\u0131n sundu\u011fu t\u00fcm imkanlar\u0131 kullanarak, hayallerinizi ger\u00e7e\u011fe d\u00f6n\u00fc\u015ft\u00fcrmek ve i\u015finizi b\u00fcy\u00fctmek i\u00e7in yan\u0131n\u0131zday\u0131z.<\/p><\/div>\n<p><img decoding=\"async\" src=\"\/wp-content\/uploads\/about-01.png\" alt=\"\"><br \/>\n<img decoding=\"async\" src=\"\/wp-content\/uploads\/about-02.svg\" alt=\"\"><\/p>\n<h2>Bask\u0131, fikrin k\u00e2\u011f\u0131da iz b\u0131rakan h\u00e2lidir. Kaliteli bir bask\u0131, markan\u0131n sessiz ama etkili bir s\u00f6zc\u00fcs\u00fcd\u00fcr.<\/h2>\n<p><img decoding=\"async\" src=\"\/wp-content\/uploads\/about-03.png\" alt=\"\"><br \/>\n<img decoding=\"async\" src=\"\/wp-content\/uploads\/about-04.svg\" alt=\"\"><\/p>\n<h2>Bizimle \u00c7al\u0131\u015fmak \u0130ster Misin?<\/h2>\n<div>Kaliteyi ve g\u00fcveni \u00f6n planda tutan ekibimize kat\u0131lmak, i\u015flerinizi profesyonellikle bulu\u015fturmak i\u00e7in buraday\u0131z. Sen de fark yaratmak istiyorsan, hemen bize ula\u015f!<\/div>\n<div><span class=\"uk-text-bolder\">Kariyer f\u0131rsatlar\u0131 ve i\u015f ba\u015fvurular\u0131 i\u00e7in;<\/span><\/div>\n<div><a href=\"mailto:kariyer@ozgunmatbaa.com\">kariyer@ozgunmatbaa.com<\/a><\/div>\n<p><!--more--><br \/>\n<!-- {\"type\":\"layout\",\"children\":[{\"type\":\"section\",\"props\":{\"animation\":\"fade\",\"animation_delay\":false,\"header_transparent\":true,\"header_transparent_text_color\":\"dark\",\"image_effect\":\"parallax\",\"image_parallax_bgy\":\"0,-600\",\"image_parallax_easing\":\"1\",\"image_position\":\"top-right\",\"padding\":\"large\",\"padding_remove_bottom\":true,\"style\":\"muted\",\"title_breakpoint\":\"xl\",\"title_position\":\"top-left\",\"title_rotation\":\"left\",\"vertical_align\":\"\",\"width\":\"xlarge\"},\"children\":[{\"type\":\"row\",\"props\":{\"layout\":\"3-4,1-4\",\"margin\":\"xlarge\"},\"children\":[{\"type\":\"column\",\"props\":{\"image_position\":\"center-center\",\"position_sticky_breakpoint\":\"m\",\"width_small\":\"3-4\"},\"children\":[{\"type\":\"headline\",\"props\":{\"content\":\"\\u00d6zg\\u00fcn Matbaa <br class=\\\"uk-visible@s\\\">Nas\\u0131l Kuruldu?\",\"position\":\"relative\",\"position_z_index\":\"3\",\"title_element\":\"h1\",\"title_style\":\"heading-medium\"}}]},{\"type\":\"column\",\"props\":{\"image_position\":\"center-center\",\"position_sticky_breakpoint\":\"m\",\"width_small\":\"1-4\"},\"children\":[{\"type\":\"image\",\"props\":{\"animation\":\"parallax\",\"css\":\".el-image { max-width: 45vw; }\",\"image\":\"wp-content\\\/uploads\\\/about-right.svg\",\"image_loading\":true,\"image_svg_color\":\"emphasis\",\"margin\":\"default\",\"parallax_easing\":\"0.5\",\"parallax_y\":\"5vh,-7vh\",\"position\":\"absolute\",\"position_right\":\"-80\",\"position_top\":\"-10vh\",\"position_z_index\":\"0\",\"text_align\":\"right\"}}]}]},{\"type\":\"row\",\"props\":{\"layout\":\"2-3,1-3\"},\"children\":[{\"type\":\"column\",\"props\":{\"image_position\":\"center-center\",\"position_sticky_breakpoint\":\"m\",\"width_medium\":\"2-3\"},\"children\":[{\"type\":\"headline\",\"props\":{\"content\":\"\\u00d6zg\\u00fcn Matbaa 1987 y\\u0131l\\u0131nda kuruldu.\",\"margin\":\"medium\",\"position\":\"relative\",\"title_element\":\"h2\"}},{\"type\":\"text\",\"props\":{\"column\":\"1-2\",\"column_breakpoint\":\"m\",\"content\":\"Matbaa sekt\\u00f6r\\u00fcnde y\\u0131llar\\u0131n getirdi\\u011fi deneyim ve uzmanl\\u0131kla, m\\u00fc\\u015fterilerimize en kaliteli ve g\\u00fcvenilir bask\\u0131 hizmetlerini sunmay\\u0131 ama\\u00e7l\\u0131yoruz. Kartvizit, bro\\u015f\\u00fcr, katalog, afi\\u015f, etiket, ambalaj ve daha pek \\u00e7ok \\u00fcr\\u00fcn \\u00e7e\\u015fidinde geni\\u015f bir yelpazede hizmet veriyoruz. Modern bask\\u0131 teknolojileri ve profesyonel ekipmanlar\\u0131m\\u0131z sayesinde, her i\\u015fte y\\u00fcksek kalite standartlar\\u0131n\\u0131 koruyarak, beklentilerin \\u00fczerinde sonu\\u00e7lar elde ediyoruz. M\\u00fc\\u015fteri memnuniyetini her zaman \\u00f6n planda tutuyor, i\\u015flerinizi zaman\\u0131nda ve titizlikle teslim etmeye b\\u00fcy\\u00fck \\u00f6nem veriyoruz. Tasar\\u0131mdan bask\\u0131ya, paketlemeden teslimata kadar t\\u00fcm s\\u00fcre\\u00e7lerde profesyonel destek sa\\u011fl\\u0131yor, ihtiya\\u00e7lar\\u0131n\\u0131za \\u00f6zel \\u00e7\\u00f6z\\u00fcmler sunuyoruz.\\n\\nGelece\\u011fe y\\u00f6nelik vizyonumuzda ise yenilik\\u00e7i ve s\\u00fcrd\\u00fcr\\u00fclebilir bask\\u0131 teknolojilerini kullanarak sekt\\u00f6rde \\u00f6nc\\u00fc olmay\\u0131 hedefliyoruz. S\\u00fcrekli geli\\u015fen teknolojiye ayak uydurarak, hem \\u00e7evre dostu hem de ekonomik \\u00e7\\u00f6z\\u00fcmlerle m\\u00fc\\u015fterilerimizin yan\\u0131nda olmaya devam edece\\u011fiz. Deneyimli ve dinamik ekibimizle, her projeye yarat\\u0131c\\u0131 yakla\\u015f\\u0131m getirmek, markan\\u0131z\\u0131n en iyi \\u015fekilde temsil edilmesini sa\\u011flamak i\\u00e7in \\u00e7al\\u0131\\u015f\\u0131yoruz. Matbaan\\u0131n sundu\\u011fu t\\u00fcm imkanlar\\u0131 kullanarak, hayallerinizi ger\\u00e7e\\u011fe d\\u00f6n\\u00fc\\u015ft\\u00fcrmek ve i\\u015finizi b\\u00fcy\\u00fctmek i\\u00e7in yan\\u0131n\\u0131zday\\u0131z.\",\"margin\":\"default\",\"position\":\"relative\"}}]},{\"type\":\"column\",\"props\":{\"image_position\":\"center-center\",\"position_sticky_breakpoint\":\"m\",\"width_medium\":\"1-3\"}}]},{\"type\":\"row\",\"props\":{\"column_gap\":\"large\",\"layout\":\"1-2,1-2\",\"margin\":\"xlarge\"},\"children\":[{\"type\":\"column\",\"props\":{\"image_position\":\"center-center\",\"position_sticky_breakpoint\":\"m\",\"width_medium\":\"1-2\"},\"children\":[{\"type\":\"image\",\"props\":{\"animation\":\"parallax\",\"image\":\"wp-content\\\/uploads\\\/about-01.png\",\"image_border\":\"rounded\",\"image_loading\":true,\"image_svg_color\":\"emphasis\",\"image_width\":\"765\",\"margin\":\"large\",\"parallax_easing\":\"1\",\"parallax_y\":\"-5vh,3vh\",\"position\":\"relative\",\"position_right\":\"90\",\"position_top\":\"2vh\",\"text_align\":\"center\",\"text_align_breakpoint\":\"m\",\"text_align_fallback\":\"right\"}},{\"type\":\"image\",\"props\":{\"animation\":\"parallax\",\"css\":\".el-image { max-width: 30vw; }\",\"image\":\"wp-content\\\/uploads\\\/about-02.svg\",\"image_svg_color\":\"emphasis\",\"margin\":\"default\",\"parallax_easing\":\"1\",\"parallax_y\":\"5vh,-5vh\",\"position\":\"absolute\",\"position_bottom\":\"6vh\",\"position_right\":\"34%\",\"text_align\":\"center\"}}]},{\"type\":\"column\",\"props\":{\"image_position\":\"center-center\",\"position_sticky_breakpoint\":\"m\",\"vertical_align\":\"middle\",\"width_medium\":\"1-2\"},\"children\":[{\"type\":\"headline\",\"props\":{\"content\":\"Bask\\u0131, fikrin k\\u00e2\\u011f\\u0131da iz b\\u0131rakan h\\u00e2lidir. Kaliteli bir bask\\u0131, markan\\u0131n sessiz ama etkili bir s\\u00f6zc\\u00fcs\\u00fcd\\u00fcr.\",\"maxwidth\":\"xlarge\",\"title_element\":\"h2\",\"title_style\":\"h1\"}}]}]}],\"name\":\"About\"},{\"type\":\"section\",\"props\":{\"image_position\":\"center-center\",\"style\":\"default\",\"title_breakpoint\":\"xl\",\"title_position\":\"top-left\",\"title_rotation\":\"left\",\"vertical_align\":\"middle\",\"width\":\"default\"},\"children\":[{\"type\":\"row\",\"children\":[{\"type\":\"column\",\"props\":{\"image_position\":\"center-center\",\"position_sticky_breakpoint\":\"m\"}}]}]},{\"type\":\"section\",\"props\":{\"animation\":\"slide-bottom-small\",\"id\":\"cta\",\"image_position\":\"center-center\",\"style\":\"muted\",\"title_breakpoint\":\"xl\",\"title_position\":\"top-left\",\"title_rotation\":\"left\",\"vertical_align\":\"\",\"width\":\"xlarge\"},\"children\":[{\"type\":\"row\",\"props\":{\"column_gap\":\"large\",\"layout\":\"1-2,1-2\"},\"children\":[{\"type\":\"column\",\"props\":{\"image_position\":\"center-center\",\"position_sticky_breakpoint\":\"m\",\"vertical_align\":\"middle\",\"width_medium\":\"1-2\"},\"children\":[{\"type\":\"image\",\"props\":{\"animation\":\"parallax\",\"css\":\".el-image { max-width: 40vw; }\",\"image\":\"wp-content\\\/uploads\\\/about-03.png\",\"image_svg_color\":\"emphasis\",\"image_width\":\"460\",\"margin\":\"default\",\"parallax_easing\":\"1\",\"parallax_y\":\"0,-3vh\",\"position\":\"absolute\",\"position_bottom\":\"20%\",\"position_right\":\"50\",\"position_z_index\":\"2\",\"text_align\":\"center\"}},{\"type\":\"image\",\"props\":{\"animation\":\"parallax\",\"css\":\".el-image { max-width: 70vw; }\",\"image\":\"wp-content\\\/uploads\\\/about-04.svg\",\"image_svg_color\":\"emphasis\",\"margin\":\"default\",\"parallax_easing\":\"1\",\"parallax_y\":\"-3vh,3vh\",\"position\":\"relative\",\"position_right\":\"-60\",\"position_z_index\":\"0\",\"text_align\":\"center\",\"text_align_breakpoint\":\"m\"}}]},{\"type\":\"column\",\"props\":{\"image_position\":\"center-center\",\"order_first\":\"m\",\"position_sticky_breakpoint\":\"m\",\"vertical_align\":\"middle\",\"width_medium\":\"1-2\"},\"children\":[{\"type\":\"headline\",\"props\":{\"content\":\"Bizimle \\u00c7al\\u0131\\u015fmak \\u0130ster Misin?\",\"position\":\"relative\",\"position_z_index\":\"3\",\"title_element\":\"h2\",\"title_style\":\"heading-small\"}},{\"type\":\"text\",\"props\":{\"column_breakpoint\":\"m\",\"content\":\"Kaliteyi ve g\\u00fcveni \\u00f6n planda tutan ekibimize kat\\u0131lmak, i\\u015flerinizi profesyonellikle bulu\\u015fturmak i\\u00e7in buraday\\u0131z. Sen de fark yaratmak istiyorsan, hemen bize ula\\u015f!\",\"margin\":\"medium\",\"text_style\":\"lead\"}},{\"type\":\"text\",\"props\":{\"column_breakpoint\":\"m\",\"content\":\"<span class=\\\"uk-text-bolder\\\">Kariyer f\\u0131rsatlar\\u0131 ve i\\u015f ba\\u015fvurular\\u0131 i\\u00e7in;<\\\/span>\",\"margin\":\"large\",\"margin_remove_bottom\":true}},{\"type\":\"text\",\"props\":{\"column_breakpoint\":\"m\",\"content\":\"<a href=\\\"mailto:kariyer@ozgunmatbaa.com\\\">kariyer@ozgunmatbaa.com<\\\/a>\",\"margin\":\"default\",\"text_style\":\"large\"}}]}]}],\"name\":\"Call to Action\"}],\"version\":\"4.5.25\"} --><\/p>\n","protected":false},"excerpt":{"rendered":"<p>\u00d6zg\u00fcn Matbaa Nas\u0131l Kuruldu? \u00d6zg\u00fcn Matbaa 1987 y\u0131l\u0131nda kuruldu. Matbaa sekt\u00f6r\u00fcnde y\u0131llar\u0131n getirdi\u011fi deneyim ve uzmanl\u0131kla, m\u00fc\u015fterilerimize en kaliteli ve g\u00fcvenilir bask\u0131 hizmetlerini sunmay\u0131 ama\u00e7l\u0131yoruz. Kartvizit, bro\u015f\u00fcr, katalog, afi\u015f, etiket, ambalaj ve daha pek \u00e7ok \u00fcr\u00fcn \u00e7e\u015fidinde geni\u015f bir yelpazede hizmet veriyoruz. Modern bask\u0131 teknolojileri ve profesyonel ekipmanlar\u0131m\u0131z sayesinde, her i\u015fte y\u00fcksek kalite standartlar\u0131n\u0131 koruyarak, [&hellip;]<\/p>\n","protected":false},"author":1,"featured_media":0,"parent":0,"menu_order":0,"comment_status":"closed","ping_status":"closed","template":"","meta":{"footnotes":""},"class_list":["post-33","page","type-page","status-publish","hentry"],"_links":{"self":[{"href":"http:\/\/ozgunmatbaa.com\/index.php\/wp-json\/wp\/v2\/pages\/33","targetHints":{"allow":["GET"]}}],"collection":[{"href":"http:\/\/ozgunmatbaa.com\/index.php\/wp-json\/wp\/v2\/pages"}],"about":[{"href":"http:\/\/ozgunmatbaa.com\/index.php\/wp-json\/wp\/v2\/types\/page"}],"author":[{"embeddable":true,"href":"http:\/\/ozgunmatbaa.com\/index.php\/wp-json\/wp\/v2\/users\/1"}],"replies":[{"embeddable":true,"href":"http:\/\/ozgunmatbaa.com\/index.php\/wp-json\/wp\/v2\/comments?post=33"}],"version-history":[{"count":5,"href":"http:\/\/ozgunmatbaa.com\/index.php\/wp-json\/wp\/v2\/pages\/33\/revisions"}],"predecessor-version":[{"id":253,"href":"http:\/\/ozgunmatbaa.com\/index.php\/wp-json\/wp\/v2\/pages\/33\/revisions\/253"}],"wp:attachment":[{"href":"http:\/\/ozgunmatbaa.com\/index.php\/wp-json\/wp\/v2\/media?parent=33"}],"curies":[{"name":"wp","href":"https:\/\/api.w.org\/{rel}","templated":true}]}}