{"id":34,"date":"2025-08-29T20:26:39","date_gmt":"2025-08-29T17:26:39","guid":{"rendered":"http:\/\/ozgunmatbaa.com\/?page_id=34"},"modified":"2025-08-31T00:04:58","modified_gmt":"2025-08-30T21:04:58","slug":"iletisim","status":"publish","type":"page","link":"http:\/\/ozgunmatbaa.com\/index.php\/iletisim\/","title":{"rendered":"\u0130leti\u015fim"},"content":{"rendered":"<div>\u00d6zg\u00fcn Matbaa<\/div>\n<h1>\u0130leti\u015fim<\/h1>\n<div>Her t\u00fcrl\u00fc soru ve sipari\u015fleriniz i\u00e7in bize ula\u015f\u0131n. Size yard\u0131mc\u0131 olmaktan mutluluk duyar\u0131z!<\/div>\n<ul>\n<li>\n<p>        <img decoding=\"async\" src=\"\/wp-content\/uploads\/icon-location.svg\" alt=\"\"><\/p>\n<h2>Adres<\/h2>\n<div>Davutpa\u015fa Cad. Tim 1 \u0130\u015f Merkezi. No: 6\/296 Topkap\u0131\/Zeytinburnu\/\u0130stanbul<\/div>\n<\/li>\n<li>\n<p>        <img decoding=\"async\" src=\"\/wp-content\/uploads\/icon-contact.svg\" alt=\"\"><\/p>\n<h2>\u0130leti\u015fim<\/h2>\n<div><a class=\"uk-link-text\" href=\"tel:+902125013843\">+ 90 212 501 38 43<\/a> (Telefon)<br \/>\n<a class=\"uk-link-text\" href=\"tel:+905324159842\">+ 90 532 415 98 42<\/a> (Whatsapp)<br \/>\n<a class=\"uk-link-text\" href=\"tel:+905324159842\">+ 90 532 415 98 42<\/a> (Cep)<br \/>\n<a \n<a class=\"uk-link-text\" href=\"mailto:info@ozgunmatbaa.com\">info@ozgunmatbaa.com<\/a> (Mail)<\/div>\n<\/li>\n<li>\n<p>        <img decoding=\"async\" src=\"\/wp-content\/uploads\/icon-office-hours.svg\" alt=\"\"><\/p>\n<h2>\u00c7al\u0131\u015fma Saatleri<\/h2>\n<div>\n<ul class=\"uk-list uk-list-collapse uk-text-left uk-margin-auto uk-margin-remove-left@s\" style=\"width:200px;\">\n<li>\n<div class=\"uk-child-width-expand uk-grid-small\" uk-grid>\n<div>Hafta i\u00e7i<\/div>\n<div>08:00-17:00<\/div>\n<\/p><\/div>\n<\/li>\n<li>\n<div class=\"uk-child-width-expand uk-grid-small\" uk-grid>\n<div>Cumartesi<\/div>\n<div>08:00-17:00<\/div>\n<\/p><\/div>\n<\/li>\n<li>\n<div class=\"uk-child-width-expand uk-grid-small\" uk-grid>\n<div>Pazar<\/div>\n<div>Kapal\u0131<\/div>\n<\/p><\/div>\n<\/li>\n<\/ul>\n<\/div>\n<\/li>\n<li>\n<p>        <img decoding=\"async\" src=\"\/wp-content\/uploads\/icon-chat.svg\" alt=\"\"><\/p>\n<h2>Teklif Al<\/h2>\n<div>Bir \u00fcr\u00fcn hakk\u0131nda bilgi veya fiyat almak i\u00e7in l\u00fctfen a\u015fa\u011f\u0131daki butonu kullan\u0131n\u0131z.<\/div>\n<p><a href=\"\/index.php\/teklif-al\/\">Teklif Al<\/a><\/p>\n<\/li>\n<\/ul>\n<div>\n<p>41.0226,28.9151<\/p>\n<\/div>\n<div>\n<style>\n  body {\n    font-family: Arial, sans-serif;\n    background-color: #f4f7fc;\n    margin: 0;\n    padding: 0;\n  }<\/p>\n<p>  .form-container {\n    width: 100%;\n    max-width: 600px;\n    margin: 50px auto;\n    background-color: #ffffff;\n    padding: 30px;\n    border-radius: 8px;\n    box-shadow: 0 4px 10px rgba(0, 0, 0, 0.1);\n  }<\/p>\n<p>  h2 {\n    text-align: center;\n    color: #333;\n  }<\/p>\n<p>  label {\n    font-weight: bold;\n    margin-bottom: 8px;\n    color: #333;\n    display: block;\n  }<\/p>\n<p>  input, textarea {\n    width: 100%;\n    padding: 12px;\n    margin: 8px 0 20px;\n    border: 1px solid #ddd;\n    border-radius: 4px;\n    box-sizing: border-box;\n    font-size: 14px;\n    color: #333;\n  }<\/p>\n<p>  input:focus, textarea:focus {\n    border-color: #4CAF50;\n    outline: none;\n  }<\/p>\n<p>  button {\n    width: 100%;\n    padding: 12px;\n    background-color: #4CAF50;\n    color: white;\n    font-size: 16px;\n    border: none;\n    border-radius: 4px;\n    cursor: pointer;\n    transition: background-color 0.3s;\n  }<\/p>\n<p>  button:hover {\n    background-color: #45a049;\n  }<\/p>\n<p>  .form-footer {\n    text-align: center;\n    margin-top: 20px;\n    font-size: 14px;\n  }\n<\/style>\n<div class=\"form-container\">\n<h2>Whatsapp \u0130le H\u0131zl\u0131 \u0130leti\u015fim Formu<\/h2>\n<form id=\"whatsappForm\">\n    <label for=\"name\">Ad Soyad:<\/label><br \/>\n    <input type=\"text\" id=\"name\" required><\/p>\n<p>    <label for=\"phone\">Telefon:<\/label><br \/>\n    <input type=\"tel\" id=\"phone\" required><\/p>\n<p>    <label for=\"email\">Mail:<\/label><br \/>\n    <input type=\"email\" id=\"email\" required><\/p>\n<p>    <label for=\"subject\">Konu:<\/label><br \/>\n    <input type=\"text\" id=\"subject\" required><\/p>\n<p>    <label for=\"message\">Mesaj:<\/label><br \/>\n    <textarea id=\"message\" required><\/textarea><\/p>\n<p>    <button type=\"submit\">G\u00f6nder<\/button><br \/>\n  <\/form>\n<div class=\"form-footer\">\n<p>Formu doldurduktan sonra, WhatsApp \u00fczerinden bizimle ileti\u015fime ge\u00e7ebilirsiniz.<\/p>\n<\/p><\/div>\n<\/div>\n<p><script>\n  document.getElementById(\"whatsappForm\").addEventListener(\"submit\", function(e) {\n    e.preventDefault();<\/p>\n<p>    let name = document.getElementById(\"name\").value;\n    let phoneInput = document.getElementById(\"phone\").value;\n    let email = document.getElementById(\"email\").value;\n    let subject = document.getElementById(\"subject\").value;\n    let message = document.getElementById(\"message\").value;<\/p>\n<p>    \/\/ Kendi WhatsApp numaran\u0131 yaz (+90 ile, bo\u015fluksuz!)\n    let myPhone = \"908503070295\"; <\/p>\n<p>    \/\/ Sabit mesaj (site ve sayfa bilgini buraya yaz)\n    let fixedText = \"Merhaba, sizlere XX sitesinde bulunan ZZ sayfas\u0131ndaki formdan ula\u015fmaktay\u0131m.%0A%0A\";<\/p>\n<p>    let text = fixedText +\n               `\ud83d\udce9 Yeni Form G\u00f6nderimi:%0A\n\ud83d\udc64 Ad Soyad: ${name}%0A\n\ud83d\udcf1 Telefon: ${phoneInput}%0A\n\ud83d\udce7 Mail: ${email}%0A\n\ud83d\udccc Konu: ${subject}%0A\n\ud83d\udcac Mesaj: ${message}`;<\/p>\n<p>    let url = `https:\/\/wa.me\/${myPhone}?text=${text}`;\n    window.open(url, \"_blank\");\n  });\n<\/script><\/p>\n<\/div>\n<p><!--more--><br \/>\n<!-- {\"type\":\"layout\",\"children\":[{\"type\":\"section\",\"props\":{\"image_position\":\"center-center\",\"padding\":\"small\",\"padding_remove_bottom\":true,\"style\":\"default\",\"title_breakpoint\":\"xl\",\"title_position\":\"top-left\",\"title_rotation\":\"left\",\"vertical_align\":\"\",\"width\":\"large\"},\"children\":[{\"type\":\"row\",\"children\":[{\"type\":\"column\",\"props\":{\"image_position\":\"center-center\",\"position_sticky_breakpoint\":\"m\"}}]}],\"name\":\"Alert\"},{\"type\":\"section\",\"props\":{\"image_position\":\"center-center\",\"style\":\"default\",\"title_breakpoint\":\"xl\",\"title_position\":\"top-left\",\"title_rotation\":\"left\",\"vertical_align\":\"\",\"width\":\"\"},\"children\":[{\"type\":\"row\",\"children\":[{\"type\":\"column\",\"props\":{\"image_position\":\"center-center\",\"position_sticky_breakpoint\":\"m\"},\"children\":[{\"type\":\"headline\",\"props\":{\"content\":\"\\u00d6zg\\u00fcn Matbaa\",\"text_align\":\"center\",\"title_color\":\"primary\",\"title_element\":\"div\",\"title_style\":\"h6\"}},{\"type\":\"headline\",\"props\":{\"content\":\"\\u0130leti\\u015fim\",\"margin\":\"remove-vertical\",\"text_align\":\"center\",\"title_element\":\"h1\"}},{\"type\":\"text\",\"props\":{\"block_align\":\"center\",\"column_breakpoint\":\"m\",\"content\":\"Her t\\u00fcrl\\u00fc soru ve sipari\\u015fleriniz i\\u00e7in bize ula\\u015f\\u0131n. Size yard\\u0131mc\\u0131 olmaktan mutluluk duyar\\u0131z!\",\"margin\":\"default\",\"maxwidth\":\"xlarge\",\"text_align\":\"center\",\"text_style\":\"large\"}},{\"type\":\"grid\",\"props\":{\"content_column_breakpoint\":\"m\",\"filter_align\":\"left\",\"filter_all\":true,\"filter_grid_breakpoint\":\"m\",\"filter_grid_width\":\"auto\",\"filter_position\":\"top\",\"filter_style\":\"tab\",\"grid_default\":\"1\",\"grid_large\":\"4\",\"grid_medium\":\"\",\"grid_small\":\"2\",\"icon_width\":80,\"image_align\":\"left\",\"image_grid_breakpoint\":\"s\",\"image_grid_column_gap\":\"small\",\"image_grid_row_gap\":\"small\",\"image_grid_width\":\"auto\",\"image_loading\":true,\"image_svg_color\":\"emphasis\",\"image_svg_inline\":true,\"item_animation\":true,\"lightbox_bg_close\":true,\"link_size\":\"small\",\"link_style\":\"default\",\"link_text\":\"Read more\",\"margin\":\"large\",\"meta_align\":\"below-title\",\"meta_element\":\"div\",\"meta_style\":\"text-meta\",\"parallax_easing\":\"1\",\"show_content\":true,\"show_hover_image\":true,\"show_hover_video\":true,\"show_image\":true,\"show_link\":true,\"show_meta\":true,\"show_title\":true,\"show_video\":true,\"text_align\":\"left\",\"text_align_breakpoint\":\"s\",\"text_align_fallback\":\"center\",\"title_align\":\"top\",\"title_element\":\"h2\",\"title_grid_breakpoint\":\"m\",\"title_grid_width\":\"1-2\",\"title_hover_style\":\"reset\",\"title_style\":\"h3\"},\"children\":[{\"type\":\"grid_item\",\"props\":{\"content\":\"Davutpa\\u015fa Cad. Tim 1 \\u0130\\u015f Merkezi. No: 6\\\/296 Topkap\\u0131\\\/Zeytinburnu\\\/\\u0130stanbul\",\"image\":\"wp-content\\\/uploads\\\/icon-location.svg\",\"title\":\"Adres\"}},{\"type\":\"grid_item\",\"props\":{\"content\":\"<a class=\\\"uk-link-text\\\" href=\\\"tel:+902125013843\\\">+ 90 212 501 38 43<\\\/a> (Telefon)<br \/>\\n<a class=\\\"uk-link-text\\\" href=\\\"tel:+905324159842\\\">+ 90 532 415 98 42<\\\/a> (Whatsapp)<br \/>\\n<a class=\\\"uk-link-text\\\" href=\\\"tel:+905324159842\\\">+ 90 532 415 98 42<\\\/a> (Cep)<br \/>\\n<a \\n<a class=\\\"uk-link-text\\\" href=\\\"mailto:info@ozgunmatbaa.com\\\">info@ozgunmatbaa.com<\\\/a> (Mail)\",\"image\":\"wp-content\\\/uploads\\\/icon-contact.svg\",\"title\":\"\\u0130leti\\u015fim\"}},{\"type\":\"grid_item\",\"props\":{\"content\":\"\n\n<ul class=\\\"uk-list uk-list-collapse uk-text-left uk-margin-auto uk-margin-remove-left@s\\\" style=\\\"width:200px;\\\">\\n    \n\n<li>\\n        \n\n<div class=\\\"uk-child-width-expand uk-grid-small\\\" uk-grid>\\n            \n\n<div>Hafta i\\u00e7i<\\\/div>\\n            \n\n<div>08:00-17:00<\\\/div>\\n        <\\\/div>\\n    <\\\/li>\\n    \n\n<li>\\n        \n\n<div class=\\\"uk-child-width-expand uk-grid-small\\\" uk-grid>\\n            \n\n<div>Cumartesi<\\\/div>\\n            \n\n<div>08:00-17:00<\\\/div>\\n        <\\\/div>\\n    <\\\/li>\\n    \n\n<li>\\n        \n\n<div class=\\\"uk-child-width-expand uk-grid-small\\\" uk-grid>\\n            \n\n<div>Pazar<\\\/div>\\n            \n\n<div>Kapal\\u0131<\\\/div>\\n        <\\\/div>\\n    <\\\/li>\\n<\\\/ul>\",\"image\":\"wp-content\\\/uploads\\\/icon-office-hours.svg\",\"title\":\"\\u00c7al\\u0131\\u015fma Saatleri\"}},{\"type\":\"grid_item\",\"props\":{\"content\":\"Bir \\u00fcr\\u00fcn hakk\\u0131nda bilgi veya fiyat almak i\\u00e7in l\\u00fctfen a\\u015fa\\u011f\\u0131daki butonu kullan\\u0131n\\u0131z.\",\"image\":\"wp-content\\\/uploads\\\/icon-chat.svg\",\"link\":\"index.php\\\/teklif-al\\\/\",\"link_text\":\"Teklif Al\",\"title\":\"Teklif Al\"}}]}]}],\"props\":{\"column_gap\":\"collapse\",\"margin\":\"large\",\"margin_remove_top\":true,\"row_gap\":\"collapse\",\"width\":\"large\"}}],\"name\":\"Contact\"},{\"type\":\"section\",\"props\":{\"image_position\":\"center-center\",\"style\":\"default\",\"title_breakpoint\":\"xl\",\"title_position\":\"top-left\",\"title_rotation\":\"left\",\"vertical_align\":\"middle\",\"width\":\"default\"},\"children\":[{\"type\":\"row\",\"props\":{\"layout\":\"1-2,1-2\"},\"children\":[{\"type\":\"column\",\"props\":{\"image_position\":\"center-center\",\"position_sticky_breakpoint\":\"m\",\"width_medium\":\"1-2\"},\"children\":[{\"type\":\"map\",\"props\":{\"controls\":true,\"dragging\":true,\"height\":870,\"image_svg_color\":\"emphasis\",\"link_style\":\"default\",\"link_text\":\"Read more\",\"margin\":\"default\",\"marker_icon\":\"wp-content\\\/uploads\\\/icon-s-ribbon.svg\",\"marker_icon_height\":100,\"marker_icon_width\":48,\"max_zoom\":18,\"meta_align\":\"below-title\",\"meta_element\":\"div\",\"meta_style\":\"text-meta\",\"min_zoom\":0,\"poi\":false,\"show_content\":true,\"show_image\":true,\"show_link\":true,\"show_meta\":true,\"show_title\":true,\"styler_lightness\":\"40\",\"styler_saturation\":\"-100\",\"title_element\":\"h3\",\"title_hover_style\":\"reset\",\"type\":\"roadmap\",\"zoom\":\"15\",\"zooming\":false},\"children\":[{\"type\":\"map_item\",\"props\":{\"location\":\"41.0226,28.9151\"}}]}]},{\"type\":\"column\",\"props\":{\"image_position\":\"center-center\",\"position_sticky_breakpoint\":\"m\",\"width_medium\":\"1-2\"},\"children\":[{\"type\":\"html\",\"props\":{\"content\":\"\n\n<style>\\n  body {\\n    font-family: Arial, sans-serif;\\n    background-color: #f4f7fc;\\n    margin: 0;\\n    padding: 0;\\n  }\\n\\n  .form-container {\\n    width: 100%;\\n    max-width: 600px;\\n    margin: 50px auto;\\n    background-color: #ffffff;\\n    padding: 30px;\\n    border-radius: 8px;\\n    box-shadow: 0 4px 10px rgba(0, 0, 0, 0.1);\\n  }\\n\\n  h2 {\\n    text-align: center;\\n    color: #333;\\n  }\\n\\n  label {\\n    font-weight: bold;\\n    margin-bottom: 8px;\\n    color: #333;\\n    display: block;\\n  }\\n\\n  input, textarea {\\n    width: 100%;\\n    padding: 12px;\\n    margin: 8px 0 20px;\\n    border: 1px solid #ddd;\\n    border-radius: 4px;\\n    box-sizing: border-box;\\n    font-size: 14px;\\n    color: #333;\\n  }\\n\\n  input:focus, textarea:focus {\\n    border-color: #4CAF50;\\n    outline: none;\\n  }\\n\\n  button {\\n    width: 100%;\\n    padding: 12px;\\n    background-color: #4CAF50;\\n    color: white;\\n    font-size: 16px;\\n    border: none;\\n    border-radius: 4px;\\n    cursor: pointer;\\n    transition: background-color 0.3s;\\n  }\\n\\n  button:hover {\\n    background-color: #45a049;\\n  }\\n\\n  .form-footer {\\n    text-align: center;\\n    margin-top: 20px;\\n    font-size: 14px;\\n  }\\n<\\\/style>\\n\\n\n\n<div class=\\\"form-container\\\">\\n  \n\n<h2>Whatsapp \\u0130le H\\u0131zl\\u0131 \\u0130leti\\u015fim Formu<\\\/h2>\\n  \n\n<form id=\\\"whatsappForm\\\">\\n    <label for=\\\"name\\\">Ad Soyad:<\\\/label>\\n    <input type=\\\"text\\\" id=\\\"name\\\" required>\\n\\n    <label for=\\\"phone\\\">Telefon:<\\\/label>\\n    <input type=\\\"tel\\\" id=\\\"phone\\\" required>\\n\\n    <label for=\\\"email\\\">Mail:<\\\/label>\\n    <input type=\\\"email\\\" id=\\\"email\\\" required>\\n\\n    <label for=\\\"subject\\\">Konu:<\\\/label>\\n    <input type=\\\"text\\\" id=\\\"subject\\\" required>\\n\\n    <label for=\\\"message\\\">Mesaj:<\\\/label>\\n    <textarea id=\\\"message\\\" required><\\\/textarea>\\n\\n    <button type=\\\"submit\\\">G\\u00f6nder<\\\/button>\\n  <\\\/form>\\n  \n\n<div class=\\\"form-footer\\\">\\n    \n\n<p>Formu doldurduktan sonra, WhatsApp \\u00fczerinden bizimle ileti\\u015fime ge\\u00e7ebilirsiniz.<\\\/p>\\n  <\\\/div>\\n<\\\/div>\\n\\n<script>\\n  document.getElementById(\\\"whatsappForm\\\").addEventListener(\\\"submit\\\", function(e) {\\n    e.preventDefault();\\n\\n    let name = document.getElementById(\\\"name\\\").value;\\n    let phoneInput = document.getElementById(\\\"phone\\\").value;\\n    let email = document.getElementById(\\\"email\\\").value;\\n    let subject = document.getElementById(\\\"subject\\\").value;\\n    let message = document.getElementById(\\\"message\\\").value;\\n\\n    \\\/\\\/ Kendi WhatsApp numaran\\u0131 yaz (+90 ile, bo\\u015fluksuz!)\\n    let myPhone = \\\"908503070295\\\"; \\n\\n    \\\/\\\/ Sabit mesaj (site ve sayfa bilgini buraya yaz)\\n    let fixedText = \\\"Merhaba, sizlere XX sitesinde bulunan ZZ sayfas\\u0131ndaki formdan ula\\u015fmaktay\\u0131m.%0A%0A\\\";\\n\\n    let text = fixedText +\\n               `\\ud83d\\udce9 Yeni Form G\\u00f6nderimi:%0A\\n\\ud83d\\udc64 Ad Soyad: ${name}%0A\\n\\ud83d\\udcf1 Telefon: ${phoneInput}%0A\\n\\ud83d\\udce7 Mail: ${email}%0A\\n\\ud83d\\udccc Konu: ${subject}%0A\\n\\ud83d\\udcac Mesaj: ${message}`;\\n\\n    let url = `https:\\\/\\\/wa.me\\\/${myPhone}?text=${text}`;\\n    window.open(url, \\\"_blank\\\");\\n  });\\n<\\\/script>\\n\"}}]}]}]}],\"version\":\"4.5.25\"} --><\/p>\n","protected":false},"excerpt":{"rendered":"<p>\u00d6zg\u00fcn Matbaa \u0130leti\u015fim Her t\u00fcrl\u00fc soru ve sipari\u015fleriniz i\u00e7in bize ula\u015f\u0131n. Size yard\u0131mc\u0131 olmaktan mutluluk duyar\u0131z! Adres Davutpa\u015fa Cad. Tim 1 \u0130\u015f Merkezi. No: 6\/296 Topkap\u0131\/Zeytinburnu\/\u0130stanbul \u0130leti\u015fim + 90 212 501 38 43 (Telefon) + 90 532 415 98 42 (Whatsapp) + 90 532 415 98 42 (Cep)<\/p>\n","protected":false},"author":1,"featured_media":0,"parent":0,"menu_order":0,"comment_status":"closed","ping_status":"closed","template":"","meta":{"footnotes":""},"class_list":["post-34","page","type-page","status-publish","hentry"],"_links":{"self":[{"href":"http:\/\/ozgunmatbaa.com\/index.php\/wp-json\/wp\/v2\/pages\/34","targetHints":{"allow":["GET"]}}],"collection":[{"href":"http:\/\/ozgunmatbaa.com\/index.php\/wp-json\/wp\/v2\/pages"}],"about":[{"href":"http:\/\/ozgunmatbaa.com\/index.php\/wp-json\/wp\/v2\/types\/page"}],"author":[{"embeddable":true,"href":"http:\/\/ozgunmatbaa.com\/index.php\/wp-json\/wp\/v2\/users\/1"}],"replies":[{"embeddable":true,"href":"http:\/\/ozgunmatbaa.com\/index.php\/wp-json\/wp\/v2\/comments?post=34"}],"version-history":[{"count":12,"href":"http:\/\/ozgunmatbaa.com\/index.php\/wp-json\/wp\/v2\/pages\/34\/revisions"}],"predecessor-version":[{"id":197,"href":"http:\/\/ozgunmatbaa.com\/index.php\/wp-json\/wp\/v2\/pages\/34\/revisions\/197"}],"wp:attachment":[{"href":"http:\/\/ozgunmatbaa.com\/index.php\/wp-json\/wp\/v2\/media?parent=34"}],"curies":[{"name":"wp","href":"https:\/\/api.w.org\/{rel}","templated":true}]}}